{"id":632,"date":"2023-10-13T12:54:12","date_gmt":"2023-10-13T12:54:12","guid":{"rendered":"https:\/\/liderpro.cl\/?post_type=product&#038;p=632"},"modified":"2024-07-05T20:16:17","modified_gmt":"2024-07-05T20:16:17","slug":"primera-capa","status":"publish","type":"product","link":"https:\/\/liderpro.cl\/index.php\/product\/primera-capa\/","title":{"rendered":"Primera capa"},"content":{"rendered":"<p>Tallas:<\/p>\n<p>S &#8211; M &#8211; L &#8211; XL &#8211; XXL<\/p>\n","protected":false},"excerpt":{"rendered":"<ul>\n<li>Eficiente protecci\u00f3n para bajas temperaturas<\/li>\n<li>Cintura el\u00e1sticada<\/li>\n<li>Bolsillos con cierre Velcro<\/li>\n<li>Cuello redondo<\/li>\n<li>Pu\u00f1os el\u00e1sticados<\/li>\n<li>Fabricado para una optima ventilaci\u00f3n de la transpiraci\u00f3n.<\/li>\n<li>Mantiene el calor corporal.<\/li>\n<li>Dise\u00f1o de tejido ANTI-PILLING (impide la formaci\u00f3n de Pu\u00f1o, manga y piernas elasticados.<\/li>\n<li>Mayor comodidad y ajuste al cuerpo.<\/li>\n<\/ul>\n","protected":false},"featured_media":677,"comment_status":"open","ping_status":"closed","template":"","meta":[],"product_brand":[],"product_cat":[21,24,43],"product_tag":[],"class_list":{"0":"post-632","1":"product","2":"type-product","3":"status-publish","4":"has-post-thumbnail","6":"product_cat-uniformes","7":"product_cat-uniformes-coorporativos","8":"product_cat-varios","10":"first","11":"instock","12":"shipping-taxable","13":"purchasable","14":"product-type-simple"},"_links":{"self":[{"href":"https:\/\/liderpro.cl\/index.php\/wp-json\/wp\/v2\/product\/632","targetHints":{"allow":["GET"]}}],"collection":[{"href":"https:\/\/liderpro.cl\/index.php\/wp-json\/wp\/v2\/product"}],"about":[{"href":"https:\/\/liderpro.cl\/index.php\/wp-json\/wp\/v2\/types\/product"}],"replies":[{"embeddable":true,"href":"https:\/\/liderpro.cl\/index.php\/wp-json\/wp\/v2\/comments?post=632"}],"wp:featuredmedia":[{"embeddable":true,"href":"https:\/\/liderpro.cl\/index.php\/wp-json\/wp\/v2\/media\/677"}],"wp:attachment":[{"href":"https:\/\/liderpro.cl\/index.php\/wp-json\/wp\/v2\/media?parent=632"}],"wp:term":[{"taxonomy":"product_brand","embeddable":true,"href":"https:\/\/liderpro.cl\/index.php\/wp-json\/wp\/v2\/product_brand?post=632"},{"taxonomy":"product_cat","embeddable":true,"href":"https:\/\/liderpro.cl\/index.php\/wp-json\/wp\/v2\/product_cat?post=632"},{"taxonomy":"product_tag","embeddable":true,"href":"https:\/\/liderpro.cl\/index.php\/wp-json\/wp\/v2\/product_tag?post=632"}],"curies":[{"name":"wp","href":"https:\/\/api.w.org\/{rel}","templated":true}]}}