{"id":608,"date":"2023-10-13T12:45:54","date_gmt":"2023-10-13T12:45:54","guid":{"rendered":"https:\/\/liderpro.cl\/?post_type=product&#038;p=608"},"modified":"2024-07-08T17:53:23","modified_gmt":"2024-07-08T17:53:23","slug":"jardinera-termica-2","status":"publish","type":"product","link":"https:\/\/liderpro.cl\/index.php\/product\/jardinera-termica-2\/","title":{"rendered":"Jardinera t\u00e9rmica confeccionada"},"content":{"rendered":"<p style=\"text-align: left;\">Tallas a pedido.<\/p>\n","protected":false},"excerpt":{"rendered":"<p style=\"text-align: left;\">Nuestra jardinera t\u00e9rmica confeccionada, dise\u00f1ada para ofrecer comodidad y estilo en tallas grandes. Realizada con materiales t\u00e9rmicos de alta calidad y garant\u00eda de durabilidad, es perfecta para ambientes laborales exigentes.<\/p>\n<p>&nbsp;<\/p>\n","protected":false},"featured_media":683,"comment_status":"open","ping_status":"closed","template":"","meta":[],"product_brand":[],"product_cat":[21,25],"product_tag":[],"class_list":{"0":"post-608","1":"product","2":"type-product","3":"status-publish","4":"has-post-thumbnail","6":"product_cat-uniformes","7":"product_cat-uniformes-confeccionados","9":"first","10":"instock","11":"shipping-taxable","12":"product-type-simple"},"_links":{"self":[{"href":"https:\/\/liderpro.cl\/index.php\/wp-json\/wp\/v2\/product\/608","targetHints":{"allow":["GET"]}}],"collection":[{"href":"https:\/\/liderpro.cl\/index.php\/wp-json\/wp\/v2\/product"}],"about":[{"href":"https:\/\/liderpro.cl\/index.php\/wp-json\/wp\/v2\/types\/product"}],"replies":[{"embeddable":true,"href":"https:\/\/liderpro.cl\/index.php\/wp-json\/wp\/v2\/comments?post=608"}],"wp:featuredmedia":[{"embeddable":true,"href":"https:\/\/liderpro.cl\/index.php\/wp-json\/wp\/v2\/media\/683"}],"wp:attachment":[{"href":"https:\/\/liderpro.cl\/index.php\/wp-json\/wp\/v2\/media?parent=608"}],"wp:term":[{"taxonomy":"product_brand","embeddable":true,"href":"https:\/\/liderpro.cl\/index.php\/wp-json\/wp\/v2\/product_brand?post=608"},{"taxonomy":"product_cat","embeddable":true,"href":"https:\/\/liderpro.cl\/index.php\/wp-json\/wp\/v2\/product_cat?post=608"},{"taxonomy":"product_tag","embeddable":true,"href":"https:\/\/liderpro.cl\/index.php\/wp-json\/wp\/v2\/product_tag?post=608"}],"curies":[{"name":"wp","href":"https:\/\/api.w.org\/{rel}","templated":true}]}}