{"id":601,"date":"2023-10-13T12:43:26","date_gmt":"2023-10-13T12:43:26","guid":{"rendered":"https:\/\/liderpro.cl\/?post_type=product&#038;p=601"},"modified":"2024-07-08T18:21:22","modified_gmt":"2024-07-08T18:21:22","slug":"cotona-espalda","status":"publish","type":"product","link":"https:\/\/liderpro.cl\/index.php\/product\/cotona-espalda\/","title":{"rendered":"Cotona confeccionada"},"content":{"rendered":"<p>Tallas a medida<\/p>\n","protected":false},"excerpt":{"rendered":"<p>Una cotona dise\u00f1ada para profesionales: c\u00f3moda, transpirable y personalizable. Mejora la presentaci\u00f3n y el confort de tu equipo con estilo y practicidad.<\/p>\n","protected":false},"featured_media":680,"comment_status":"open","ping_status":"closed","template":"","meta":[],"product_brand":[],"product_cat":[21,25],"product_tag":[],"class_list":{"0":"post-601","1":"product","2":"type-product","3":"status-publish","4":"has-post-thumbnail","6":"product_cat-uniformes","7":"product_cat-uniformes-confeccionados","9":"first","10":"instock","11":"shipping-taxable","12":"product-type-simple"},"_links":{"self":[{"href":"https:\/\/liderpro.cl\/index.php\/wp-json\/wp\/v2\/product\/601","targetHints":{"allow":["GET"]}}],"collection":[{"href":"https:\/\/liderpro.cl\/index.php\/wp-json\/wp\/v2\/product"}],"about":[{"href":"https:\/\/liderpro.cl\/index.php\/wp-json\/wp\/v2\/types\/product"}],"replies":[{"embeddable":true,"href":"https:\/\/liderpro.cl\/index.php\/wp-json\/wp\/v2\/comments?post=601"}],"wp:featuredmedia":[{"embeddable":true,"href":"https:\/\/liderpro.cl\/index.php\/wp-json\/wp\/v2\/media\/680"}],"wp:attachment":[{"href":"https:\/\/liderpro.cl\/index.php\/wp-json\/wp\/v2\/media?parent=601"}],"wp:term":[{"taxonomy":"product_brand","embeddable":true,"href":"https:\/\/liderpro.cl\/index.php\/wp-json\/wp\/v2\/product_brand?post=601"},{"taxonomy":"product_cat","embeddable":true,"href":"https:\/\/liderpro.cl\/index.php\/wp-json\/wp\/v2\/product_cat?post=601"},{"taxonomy":"product_tag","embeddable":true,"href":"https:\/\/liderpro.cl\/index.php\/wp-json\/wp\/v2\/product_tag?post=601"}],"curies":[{"name":"wp","href":"https:\/\/api.w.org\/{rel}","templated":true}]}}