{"id":597,"date":"2023-10-13T12:42:01","date_gmt":"2023-10-13T12:42:01","guid":{"rendered":"https:\/\/liderpro.cl\/?post_type=product&#038;p=597"},"modified":"2024-07-08T18:44:42","modified_gmt":"2024-07-08T18:44:42","slug":"overol-termico","status":"publish","type":"product","link":"https:\/\/liderpro.cl\/index.php\/product\/overol-termico\/","title":{"rendered":"Buzo T\u00e9rmico forro Polar"},"content":{"rendered":"<p>Tallas:<\/p>\n<p>S &#8211; M &#8211; L &#8211; XL &#8211; XXL<\/p>\n","protected":false},"excerpt":{"rendered":"<p>Este buzo t\u00e9rmico azul oscuro con reflectante es perfecto para mantenerte abrigado en los d\u00edas fr\u00edos. Con su cierre de alta calidad, podr\u00e1s ajustarlo seg\u00fan tus necesidades y mantener el calor en su interior.<\/p>\n<p>-Est\u00e1 fabricado con una combinaci\u00f3n de poli\u00e9ster, polar y algod\u00f3n, lo que lo hace suave y c\u00f3modo al tacto.<\/p>\n<p>NOTA no es impermeable, pero si repele un poco el agua.<\/p>\n","protected":false},"featured_media":744,"comment_status":"open","ping_status":"closed","template":"","meta":[],"product_brand":[],"product_cat":[37,21,24],"product_tag":[],"class_list":{"0":"post-597","1":"product","2":"type-product","3":"status-publish","4":"has-post-thumbnail","6":"product_cat-ropa-termica","7":"product_cat-uniformes","8":"product_cat-uniformes-coorporativos","10":"first","11":"instock","12":"shipping-taxable","13":"product-type-simple"},"_links":{"self":[{"href":"https:\/\/liderpro.cl\/index.php\/wp-json\/wp\/v2\/product\/597","targetHints":{"allow":["GET"]}}],"collection":[{"href":"https:\/\/liderpro.cl\/index.php\/wp-json\/wp\/v2\/product"}],"about":[{"href":"https:\/\/liderpro.cl\/index.php\/wp-json\/wp\/v2\/types\/product"}],"replies":[{"embeddable":true,"href":"https:\/\/liderpro.cl\/index.php\/wp-json\/wp\/v2\/comments?post=597"}],"wp:featuredmedia":[{"embeddable":true,"href":"https:\/\/liderpro.cl\/index.php\/wp-json\/wp\/v2\/media\/744"}],"wp:attachment":[{"href":"https:\/\/liderpro.cl\/index.php\/wp-json\/wp\/v2\/media?parent=597"}],"wp:term":[{"taxonomy":"product_brand","embeddable":true,"href":"https:\/\/liderpro.cl\/index.php\/wp-json\/wp\/v2\/product_brand?post=597"},{"taxonomy":"product_cat","embeddable":true,"href":"https:\/\/liderpro.cl\/index.php\/wp-json\/wp\/v2\/product_cat?post=597"},{"taxonomy":"product_tag","embeddable":true,"href":"https:\/\/liderpro.cl\/index.php\/wp-json\/wp\/v2\/product_tag?post=597"}],"curies":[{"name":"wp","href":"https:\/\/api.w.org\/{rel}","templated":true}]}}