{"id":573,"date":"2023-10-13T12:34:28","date_gmt":"2023-10-13T12:34:28","guid":{"rendered":"https:\/\/liderpro.cl\/?post_type=product&#038;p=573"},"modified":"2024-07-09T15:48:53","modified_gmt":"2024-07-09T15:48:53","slug":"pantalon-alta-visibilidad","status":"publish","type":"product","link":"https:\/\/liderpro.cl\/index.php\/product\/pantalon-alta-visibilidad\/","title":{"rendered":"Pantal\u00f3n alta visibilidad"},"content":{"rendered":"<p>TALLAS:<\/p>\n<p>S &#8211; M &#8211; L &#8211; XL &#8211; XXL &#8211; XXXL<\/p>\n<p>Consultar colores disponibles<\/p>\n","protected":false},"excerpt":{"rendered":"<p>Composici\u00f3n: 80% Poli\u00e9ster Y 20% Algod\u00f3n<\/p>\n<p>Gramaje: 240 Gramos<\/p>\n<p>G\u00e9nero: Hombre<\/p>\n<p>Tela: Gabardina<\/p>\n<p>Atributos:<\/p>\n<p>Cintas Reflectivas<br \/>\nDurable<br \/>\nEstabilidad Dimensional<br \/>\nMultibolsillo<br \/>\nSolidez De Color<br \/>\nTriple Costura<\/p>\n","protected":false},"featured_media":776,"comment_status":"open","ping_status":"closed","template":"","meta":[],"product_brand":[],"product_cat":[34,21,24],"product_tag":[],"class_list":{"0":"post-573","1":"product","2":"type-product","3":"status-publish","4":"has-post-thumbnail","6":"product_cat-pantalones","7":"product_cat-uniformes","8":"product_cat-uniformes-coorporativos","10":"first","11":"instock","12":"shipping-taxable","13":"product-type-simple"},"_links":{"self":[{"href":"https:\/\/liderpro.cl\/index.php\/wp-json\/wp\/v2\/product\/573","targetHints":{"allow":["GET"]}}],"collection":[{"href":"https:\/\/liderpro.cl\/index.php\/wp-json\/wp\/v2\/product"}],"about":[{"href":"https:\/\/liderpro.cl\/index.php\/wp-json\/wp\/v2\/types\/product"}],"replies":[{"embeddable":true,"href":"https:\/\/liderpro.cl\/index.php\/wp-json\/wp\/v2\/comments?post=573"}],"wp:featuredmedia":[{"embeddable":true,"href":"https:\/\/liderpro.cl\/index.php\/wp-json\/wp\/v2\/media\/776"}],"wp:attachment":[{"href":"https:\/\/liderpro.cl\/index.php\/wp-json\/wp\/v2\/media?parent=573"}],"wp:term":[{"taxonomy":"product_brand","embeddable":true,"href":"https:\/\/liderpro.cl\/index.php\/wp-json\/wp\/v2\/product_brand?post=573"},{"taxonomy":"product_cat","embeddable":true,"href":"https:\/\/liderpro.cl\/index.php\/wp-json\/wp\/v2\/product_cat?post=573"},{"taxonomy":"product_tag","embeddable":true,"href":"https:\/\/liderpro.cl\/index.php\/wp-json\/wp\/v2\/product_tag?post=573"}],"curies":[{"name":"wp","href":"https:\/\/api.w.org\/{rel}","templated":true}]}}