{"id":563,"date":"2023-10-13T12:31:16","date_gmt":"2023-10-13T12:31:16","guid":{"rendered":"https:\/\/liderpro.cl\/?post_type=product&#038;p=563"},"modified":"2024-07-09T18:06:11","modified_gmt":"2024-07-09T18:06:11","slug":"camisa-trevira-manga-larga-hombre","status":"publish","type":"product","link":"https:\/\/liderpro.cl\/index.php\/product\/camisa-trevira-manga-larga-hombre\/","title":{"rendered":"Camisa trevira manga larga hombre"},"content":{"rendered":"<p>TALLAS:<\/p>\n<p>S &#8211; M &#8211; L &#8211; XL &#8211; XXL &#8211; XXXL<\/p>\n<p>Consultar disponibilidad de colores.<\/p>\n","protected":false},"excerpt":{"rendered":"<ul>\n<li>Composici\u00f3n: 65% Poli\u00e9ster, 35% Algod\u00f3n<\/li>\n<li>Calce: Comfort<\/li>\n<li>Antipilling<\/li>\n<li>Estabilidad Dimensional<\/li>\n<li>Liviano<\/li>\n<li>Solidez De Color<\/li>\n<\/ul>\n","protected":false},"featured_media":798,"comment_status":"open","ping_status":"closed","template":"","meta":[],"product_brand":[],"product_cat":[32,21,24],"product_tag":[],"class_list":{"0":"post-563","1":"product","2":"type-product","3":"status-publish","4":"has-post-thumbnail","6":"product_cat-blusas-y-camisas","7":"product_cat-uniformes","8":"product_cat-uniformes-coorporativos","10":"first","11":"instock","12":"shipping-taxable","13":"product-type-simple"},"_links":{"self":[{"href":"https:\/\/liderpro.cl\/index.php\/wp-json\/wp\/v2\/product\/563","targetHints":{"allow":["GET"]}}],"collection":[{"href":"https:\/\/liderpro.cl\/index.php\/wp-json\/wp\/v2\/product"}],"about":[{"href":"https:\/\/liderpro.cl\/index.php\/wp-json\/wp\/v2\/types\/product"}],"replies":[{"embeddable":true,"href":"https:\/\/liderpro.cl\/index.php\/wp-json\/wp\/v2\/comments?post=563"}],"wp:featuredmedia":[{"embeddable":true,"href":"https:\/\/liderpro.cl\/index.php\/wp-json\/wp\/v2\/media\/798"}],"wp:attachment":[{"href":"https:\/\/liderpro.cl\/index.php\/wp-json\/wp\/v2\/media?parent=563"}],"wp:term":[{"taxonomy":"product_brand","embeddable":true,"href":"https:\/\/liderpro.cl\/index.php\/wp-json\/wp\/v2\/product_brand?post=563"},{"taxonomy":"product_cat","embeddable":true,"href":"https:\/\/liderpro.cl\/index.php\/wp-json\/wp\/v2\/product_cat?post=563"},{"taxonomy":"product_tag","embeddable":true,"href":"https:\/\/liderpro.cl\/index.php\/wp-json\/wp\/v2\/product_tag?post=563"}],"curies":[{"name":"wp","href":"https:\/\/api.w.org\/{rel}","templated":true}]}}