{"id":523,"date":"2023-10-12T23:49:29","date_gmt":"2023-10-12T23:49:29","guid":{"rendered":"https:\/\/liderpro.cl\/?post_type=product&#038;p=523"},"modified":"2024-07-10T16:37:29","modified_gmt":"2024-07-10T16:37:29","slug":"lente-sellado","status":"publish","type":"product","link":"https:\/\/liderpro.cl\/index.php\/product\/lente-sellado\/","title":{"rendered":"Lente sellado"},"content":{"rendered":"<ul>\n<li>Anti-Empa\u00f1ante<\/li>\n<li>Anti-Rayadura<\/li>\n<li>Anti-Impacto<\/li>\n<li>Filtro UV 99,9%<\/li>\n<li>Foam desmontable<\/li>\n<\/ul>\n","protected":false},"excerpt":{"rendered":"<p>Lente de policarbonato con foam desmontable el cual brinda comodidad y reduce la exposici\u00f3n al polvo. El lente Hunter tiene protecci\u00f3n contra la radiaci\u00f3n UV, con tratamiento anti-empa\u00f1an- te y anti rayaduras. Incluye cord\u00f3n.<\/p>\n","protected":false},"featured_media":665,"comment_status":"open","ping_status":"closed","template":"","meta":[],"product_brand":[],"product_cat":[22,27],"product_tag":[],"class_list":{"0":"post-523","1":"product","2":"type-product","3":"status-publish","4":"has-post-thumbnail","6":"product_cat-proteccion-personal","7":"product_cat-visual","9":"first","10":"instock","11":"shipping-taxable","12":"product-type-simple"},"_links":{"self":[{"href":"https:\/\/liderpro.cl\/index.php\/wp-json\/wp\/v2\/product\/523","targetHints":{"allow":["GET"]}}],"collection":[{"href":"https:\/\/liderpro.cl\/index.php\/wp-json\/wp\/v2\/product"}],"about":[{"href":"https:\/\/liderpro.cl\/index.php\/wp-json\/wp\/v2\/types\/product"}],"replies":[{"embeddable":true,"href":"https:\/\/liderpro.cl\/index.php\/wp-json\/wp\/v2\/comments?post=523"}],"wp:featuredmedia":[{"embeddable":true,"href":"https:\/\/liderpro.cl\/index.php\/wp-json\/wp\/v2\/media\/665"}],"wp:attachment":[{"href":"https:\/\/liderpro.cl\/index.php\/wp-json\/wp\/v2\/media?parent=523"}],"wp:term":[{"taxonomy":"product_brand","embeddable":true,"href":"https:\/\/liderpro.cl\/index.php\/wp-json\/wp\/v2\/product_brand?post=523"},{"taxonomy":"product_cat","embeddable":true,"href":"https:\/\/liderpro.cl\/index.php\/wp-json\/wp\/v2\/product_cat?post=523"},{"taxonomy":"product_tag","embeddable":true,"href":"https:\/\/liderpro.cl\/index.php\/wp-json\/wp\/v2\/product_tag?post=523"}],"curies":[{"name":"wp","href":"https:\/\/api.w.org\/{rel}","templated":true}]}}