{"id":519,"date":"2023-10-12T23:48:28","date_gmt":"2023-10-12T23:48:28","guid":{"rendered":"https:\/\/liderpro.cl\/?post_type=product&#038;p=519"},"modified":"2024-07-11T13:45:34","modified_gmt":"2024-07-11T13:45:34","slug":"antiparra-sellada-silicona","status":"publish","type":"product","link":"https:\/\/liderpro.cl\/index.php\/product\/antiparra-sellada-silicona\/","title":{"rendered":"Antiparra sellada silicona"},"content":{"rendered":"<p>TALLA UNICA.<\/p>\n<p>&nbsp;<\/p>\n","protected":false},"excerpt":{"rendered":"<p>Antiparra de policarbonato con sello de silicona de PVC hipoalerg\u00e9nico, marco de nylon y strap ajustable al rostro. Su estructura compacta y ligera es extremadamente c\u00f3moda, lo que permite un buen sellado y ajuste al rostro. Tiene ventilaci\u00f3n para micropart\u00edculas, permitiendo la respiraci\u00f3n de la antiparra, sin que afecte su desempe\u00f1o y seguridad, manteniendo sus propiedades Anti-empa\u00f1o y Anti-polvo. Certificada bajo norma ANSI Z87.1 2010 y registrada en el ISP.<\/p>\n<p>&nbsp;<\/p>\n<p>&nbsp;<\/p>\n","protected":false},"featured_media":896,"comment_status":"open","ping_status":"closed","template":"","meta":[],"product_brand":[],"product_cat":[22,27],"product_tag":[],"class_list":{"0":"post-519","1":"product","2":"type-product","3":"status-publish","4":"has-post-thumbnail","6":"product_cat-proteccion-personal","7":"product_cat-visual","9":"first","10":"instock","11":"shipping-taxable","12":"product-type-simple"},"_links":{"self":[{"href":"https:\/\/liderpro.cl\/index.php\/wp-json\/wp\/v2\/product\/519","targetHints":{"allow":["GET"]}}],"collection":[{"href":"https:\/\/liderpro.cl\/index.php\/wp-json\/wp\/v2\/product"}],"about":[{"href":"https:\/\/liderpro.cl\/index.php\/wp-json\/wp\/v2\/types\/product"}],"replies":[{"embeddable":true,"href":"https:\/\/liderpro.cl\/index.php\/wp-json\/wp\/v2\/comments?post=519"}],"wp:featuredmedia":[{"embeddable":true,"href":"https:\/\/liderpro.cl\/index.php\/wp-json\/wp\/v2\/media\/896"}],"wp:attachment":[{"href":"https:\/\/liderpro.cl\/index.php\/wp-json\/wp\/v2\/media?parent=519"}],"wp:term":[{"taxonomy":"product_brand","embeddable":true,"href":"https:\/\/liderpro.cl\/index.php\/wp-json\/wp\/v2\/product_brand?post=519"},{"taxonomy":"product_cat","embeddable":true,"href":"https:\/\/liderpro.cl\/index.php\/wp-json\/wp\/v2\/product_cat?post=519"},{"taxonomy":"product_tag","embeddable":true,"href":"https:\/\/liderpro.cl\/index.php\/wp-json\/wp\/v2\/product_tag?post=519"}],"curies":[{"name":"wp","href":"https:\/\/api.w.org\/{rel}","templated":true}]}}