{"id":511,"date":"2023-10-12T23:45:55","date_gmt":"2023-10-12T23:45:55","guid":{"rendered":"https:\/\/liderpro.cl\/?post_type=product&#038;p=511"},"modified":"2024-07-10T19:43:46","modified_gmt":"2024-07-10T19:43:46","slug":"filtro-p100","status":"publish","type":"product","link":"https:\/\/liderpro.cl\/index.php\/product\/filtro-p100\/","title":{"rendered":"Filtro P100"},"content":{"rendered":"<p>CAJA: 100 unidades.<\/p>\n","protected":false},"excerpt":{"rendered":"<ul class=\"sps2-pdp_details--highlights_list\">\n<li class=\"sps2-pdp_details--highlights_item mds-font_paragraph\">NIOSH aprobado para ambientes que contengan determinadas aceite y las part\u00edculas sin aceite. 3M recomienda para el alivio contra vapores org\u00e1nicos y el nivel de molestia y de la protecci\u00f3n del ozono hasta PEL OSHA 10 veces<\/li>\n<li class=\"sps2-pdp_details--highlights_item mds-font_paragraph\">P100, filtro para part\u00edculas de alivio de vapor org\u00e1nico molestias<\/li>\n<\/ul>\n","protected":false},"featured_media":888,"comment_status":"open","ping_status":"closed","template":"","meta":[],"product_brand":[],"product_cat":[22,28],"product_tag":[],"class_list":{"0":"post-511","1":"product","2":"type-product","3":"status-publish","4":"has-post-thumbnail","6":"product_cat-proteccion-personal","7":"product_cat-respiratorio","9":"first","10":"instock","11":"shipping-taxable","12":"product-type-simple"},"_links":{"self":[{"href":"https:\/\/liderpro.cl\/index.php\/wp-json\/wp\/v2\/product\/511","targetHints":{"allow":["GET"]}}],"collection":[{"href":"https:\/\/liderpro.cl\/index.php\/wp-json\/wp\/v2\/product"}],"about":[{"href":"https:\/\/liderpro.cl\/index.php\/wp-json\/wp\/v2\/types\/product"}],"replies":[{"embeddable":true,"href":"https:\/\/liderpro.cl\/index.php\/wp-json\/wp\/v2\/comments?post=511"}],"wp:featuredmedia":[{"embeddable":true,"href":"https:\/\/liderpro.cl\/index.php\/wp-json\/wp\/v2\/media\/888"}],"wp:attachment":[{"href":"https:\/\/liderpro.cl\/index.php\/wp-json\/wp\/v2\/media?parent=511"}],"wp:term":[{"taxonomy":"product_brand","embeddable":true,"href":"https:\/\/liderpro.cl\/index.php\/wp-json\/wp\/v2\/product_brand?post=511"},{"taxonomy":"product_cat","embeddable":true,"href":"https:\/\/liderpro.cl\/index.php\/wp-json\/wp\/v2\/product_cat?post=511"},{"taxonomy":"product_tag","embeddable":true,"href":"https:\/\/liderpro.cl\/index.php\/wp-json\/wp\/v2\/product_tag?post=511"}],"curies":[{"name":"wp","href":"https:\/\/api.w.org\/{rel}","templated":true}]}}