{"id":505,"date":"2023-10-12T23:44:06","date_gmt":"2023-10-12T23:44:06","guid":{"rendered":"https:\/\/liderpro.cl\/?post_type=product&#038;p=505"},"modified":"2024-07-10T20:51:09","modified_gmt":"2024-07-10T20:51:09","slug":"guantes-multiflex-palma-pu","status":"publish","type":"product","link":"https:\/\/liderpro.cl\/index.php\/product\/guantes-multiflex-palma-pu\/","title":{"rendered":"Guantes multiflex palma pu"},"content":{"rendered":"<p>PAQUETE: 12 unidades<\/p>\n","protected":false},"excerpt":{"rendered":"<p>Guante hecho de Poli\u00e9ster 10 Gauge con palma de L\u00e1tex rugoso Para trabajos de alta abrasi\u00f3n.<\/p>\n<p>El l\u00e1tex proporciona una gran resistencia en trabajos donde exista alta abrasi\u00f3n, adem\u00e1s su acabado rugoso, permite tener un mayor agarre en superficies mojadas. Adecuada resistencia a \u00e1cidos y l\u00edquidos en la palma.<\/p>\n<p>Se recomienda ventilar el guante despu\u00e9s de usarlo.<\/p>\n<p>Verificar visualmente que el guante no tenga defectos o problemas.<\/p>\n","protected":false},"featured_media":675,"comment_status":"open","ping_status":"closed","template":"","meta":[],"product_brand":[],"product_cat":[22,29],"product_tag":[],"class_list":{"0":"post-505","1":"product","2":"type-product","3":"status-publish","4":"has-post-thumbnail","6":"product_cat-proteccion-personal","7":"product_cat-manos","9":"first","10":"instock","11":"shipping-taxable","12":"product-type-simple"},"_links":{"self":[{"href":"https:\/\/liderpro.cl\/index.php\/wp-json\/wp\/v2\/product\/505","targetHints":{"allow":["GET"]}}],"collection":[{"href":"https:\/\/liderpro.cl\/index.php\/wp-json\/wp\/v2\/product"}],"about":[{"href":"https:\/\/liderpro.cl\/index.php\/wp-json\/wp\/v2\/types\/product"}],"replies":[{"embeddable":true,"href":"https:\/\/liderpro.cl\/index.php\/wp-json\/wp\/v2\/comments?post=505"}],"wp:featuredmedia":[{"embeddable":true,"href":"https:\/\/liderpro.cl\/index.php\/wp-json\/wp\/v2\/media\/675"}],"wp:attachment":[{"href":"https:\/\/liderpro.cl\/index.php\/wp-json\/wp\/v2\/media?parent=505"}],"wp:term":[{"taxonomy":"product_brand","embeddable":true,"href":"https:\/\/liderpro.cl\/index.php\/wp-json\/wp\/v2\/product_brand?post=505"},{"taxonomy":"product_cat","embeddable":true,"href":"https:\/\/liderpro.cl\/index.php\/wp-json\/wp\/v2\/product_cat?post=505"},{"taxonomy":"product_tag","embeddable":true,"href":"https:\/\/liderpro.cl\/index.php\/wp-json\/wp\/v2\/product_tag?post=505"}],"curies":[{"name":"wp","href":"https:\/\/api.w.org\/{rel}","templated":true}]}}