{"id":419,"date":"2023-10-10T22:26:59","date_gmt":"2023-10-10T22:26:59","guid":{"rendered":"https:\/\/liderpro.cl\/?post_type=product&#038;p=419"},"modified":"2024-07-11T14:52:26","modified_gmt":"2024-07-11T14:52:26","slug":"lentes-seguridad-economicos-claros","status":"publish","type":"product","link":"https:\/\/liderpro.cl\/index.php\/product\/lentes-seguridad-economicos-claros\/","title":{"rendered":"Lentes seguridad econ\u00f3micos claros"},"content":{"rendered":"<p>Caja: 12 unidades.<\/p>\n","protected":false},"excerpt":{"rendered":"<p>Lente cl\u00e1sico certificado, ultra liviano de policarbonato resistente a impactos, marco de nylon, adaptable a la mayor\u00eda de los rostros. Cuenta con sistema Anti-Empa\u00f1ante, Anti-Rayadura y filtro 99,9% de protecci\u00f3n UV.<\/p>\n","protected":false},"featured_media":904,"comment_status":"open","ping_status":"closed","template":"","meta":[],"product_brand":[],"product_cat":[22,27],"product_tag":[],"class_list":{"0":"post-419","1":"product","2":"type-product","3":"status-publish","4":"has-post-thumbnail","6":"product_cat-proteccion-personal","7":"product_cat-visual","9":"first","10":"instock","11":"shipping-taxable","12":"product-type-simple"},"_links":{"self":[{"href":"https:\/\/liderpro.cl\/index.php\/wp-json\/wp\/v2\/product\/419","targetHints":{"allow":["GET"]}}],"collection":[{"href":"https:\/\/liderpro.cl\/index.php\/wp-json\/wp\/v2\/product"}],"about":[{"href":"https:\/\/liderpro.cl\/index.php\/wp-json\/wp\/v2\/types\/product"}],"replies":[{"embeddable":true,"href":"https:\/\/liderpro.cl\/index.php\/wp-json\/wp\/v2\/comments?post=419"}],"wp:featuredmedia":[{"embeddable":true,"href":"https:\/\/liderpro.cl\/index.php\/wp-json\/wp\/v2\/media\/904"}],"wp:attachment":[{"href":"https:\/\/liderpro.cl\/index.php\/wp-json\/wp\/v2\/media?parent=419"}],"wp:term":[{"taxonomy":"product_brand","embeddable":true,"href":"https:\/\/liderpro.cl\/index.php\/wp-json\/wp\/v2\/product_brand?post=419"},{"taxonomy":"product_cat","embeddable":true,"href":"https:\/\/liderpro.cl\/index.php\/wp-json\/wp\/v2\/product_cat?post=419"},{"taxonomy":"product_tag","embeddable":true,"href":"https:\/\/liderpro.cl\/index.php\/wp-json\/wp\/v2\/product_tag?post=419"}],"curies":[{"name":"wp","href":"https:\/\/api.w.org\/{rel}","templated":true}]}}