{"id":417,"date":"2023-10-10T22:26:14","date_gmt":"2023-10-10T22:26:14","guid":{"rendered":"https:\/\/liderpro.cl\/?post_type=product&#038;p=417"},"modified":"2024-07-11T15:25:14","modified_gmt":"2024-07-11T15:25:14","slug":"respirador-medio-rostro-3m-6200","status":"publish","type":"product","link":"https:\/\/liderpro.cl\/index.php\/product\/respirador-medio-rostro-3m-6200\/","title":{"rendered":"Respirador medio rostro 3m 6200"},"content":{"rendered":"<p>Cantidad: 12 unidades<\/p>\n","protected":false},"excerpt":{"rendered":"<ul>\n<li>Para trabajos de vertido y fundici\u00f3n, montaje y mec\u00e1nico, manejo de qu\u00edmicos, operaciones con hornos, lijado, serrar, cincelar, esmerilado, soldadura, pintura, alba\u00f1iler\u00eda y limpieza.<\/li>\n<li class=\"mds-font_body sps2-pdp_description--benefit\">Las v\u00e1lvulas de exhalaci\u00f3n e inhalaci\u00f3n extragrandes mejoran la ventilaci\u00f3n al respirar<\/li>\n<li class=\"mds-font_body sps2-pdp_description--benefit\">El dise\u00f1o de sus cartuchos facilita una mejor distribuci\u00f3n del peso<\/li>\n<li class=\"mds-font_body sps2-pdp_description--benefit\">Su dise\u00f1o de bajo perfil le permite ser usado con otros implementos de seguridad<\/li>\n<\/ul>\n","protected":false},"featured_media":907,"comment_status":"open","ping_status":"closed","template":"","meta":[],"product_brand":[],"product_cat":[22,28],"product_tag":[],"class_list":{"0":"post-417","1":"product","2":"type-product","3":"status-publish","4":"has-post-thumbnail","6":"product_cat-proteccion-personal","7":"product_cat-respiratorio","9":"first","10":"instock","11":"shipping-taxable","12":"product-type-simple"},"_links":{"self":[{"href":"https:\/\/liderpro.cl\/index.php\/wp-json\/wp\/v2\/product\/417","targetHints":{"allow":["GET"]}}],"collection":[{"href":"https:\/\/liderpro.cl\/index.php\/wp-json\/wp\/v2\/product"}],"about":[{"href":"https:\/\/liderpro.cl\/index.php\/wp-json\/wp\/v2\/types\/product"}],"replies":[{"embeddable":true,"href":"https:\/\/liderpro.cl\/index.php\/wp-json\/wp\/v2\/comments?post=417"}],"wp:featuredmedia":[{"embeddable":true,"href":"https:\/\/liderpro.cl\/index.php\/wp-json\/wp\/v2\/media\/907"}],"wp:attachment":[{"href":"https:\/\/liderpro.cl\/index.php\/wp-json\/wp\/v2\/media?parent=417"}],"wp:term":[{"taxonomy":"product_brand","embeddable":true,"href":"https:\/\/liderpro.cl\/index.php\/wp-json\/wp\/v2\/product_brand?post=417"},{"taxonomy":"product_cat","embeddable":true,"href":"https:\/\/liderpro.cl\/index.php\/wp-json\/wp\/v2\/product_cat?post=417"},{"taxonomy":"product_tag","embeddable":true,"href":"https:\/\/liderpro.cl\/index.php\/wp-json\/wp\/v2\/product_tag?post=417"}],"curies":[{"name":"wp","href":"https:\/\/api.w.org\/{rel}","templated":true}]}}