{"id":407,"date":"2023-10-10T22:22:26","date_gmt":"2023-10-10T22:22:26","guid":{"rendered":"https:\/\/liderpro.cl\/?post_type=product&#038;p=407"},"modified":"2024-07-11T16:27:51","modified_gmt":"2024-07-11T16:27:51","slug":"guante-albanil","status":"publish","type":"product","link":"https:\/\/liderpro.cl\/index.php\/product\/guante-albanil\/","title":{"rendered":"Guante alba\u00f1il"},"content":{"rendered":"<p>Paquete: 12 pares<\/p>\n","protected":false},"excerpt":{"rendered":"<p>COMPOSICI\u00d3N: L\u00e1tex<br \/>\nCOLOR: Negro \/ Naranjo<\/p>\n<ul>\n<li>Guante de L\u00e1tex reforzado de 14 pulgadas de largo (35 cms).<\/li>\n<li>Palma diamantada para un mejor agarre.<\/li>\n<li>Provee protecci\u00f3n para trabajos con qu\u00edmicos alcalinos, acetonas y amon\u00edaco concentrado.<\/li>\n<li>Guante impermeable.<\/li>\n<\/ul>\n","protected":false},"featured_media":920,"comment_status":"open","ping_status":"closed","template":"","meta":[],"product_brand":[],"product_cat":[22,29],"product_tag":[],"class_list":{"0":"post-407","1":"product","2":"type-product","3":"status-publish","4":"has-post-thumbnail","6":"product_cat-proteccion-personal","7":"product_cat-manos","9":"first","10":"instock","11":"shipping-taxable","12":"product-type-simple"},"_links":{"self":[{"href":"https:\/\/liderpro.cl\/index.php\/wp-json\/wp\/v2\/product\/407","targetHints":{"allow":["GET"]}}],"collection":[{"href":"https:\/\/liderpro.cl\/index.php\/wp-json\/wp\/v2\/product"}],"about":[{"href":"https:\/\/liderpro.cl\/index.php\/wp-json\/wp\/v2\/types\/product"}],"replies":[{"embeddable":true,"href":"https:\/\/liderpro.cl\/index.php\/wp-json\/wp\/v2\/comments?post=407"}],"wp:featuredmedia":[{"embeddable":true,"href":"https:\/\/liderpro.cl\/index.php\/wp-json\/wp\/v2\/media\/920"}],"wp:attachment":[{"href":"https:\/\/liderpro.cl\/index.php\/wp-json\/wp\/v2\/media?parent=407"}],"wp:term":[{"taxonomy":"product_brand","embeddable":true,"href":"https:\/\/liderpro.cl\/index.php\/wp-json\/wp\/v2\/product_brand?post=407"},{"taxonomy":"product_cat","embeddable":true,"href":"https:\/\/liderpro.cl\/index.php\/wp-json\/wp\/v2\/product_cat?post=407"},{"taxonomy":"product_tag","embeddable":true,"href":"https:\/\/liderpro.cl\/index.php\/wp-json\/wp\/v2\/product_tag?post=407"}],"curies":[{"name":"wp","href":"https:\/\/api.w.org\/{rel}","templated":true}]}}