{"id":403,"date":"2023-10-10T22:20:45","date_gmt":"2023-10-10T22:20:45","guid":{"rendered":"https:\/\/liderpro.cl\/?post_type=product&#038;p=403"},"modified":"2024-07-11T17:30:27","modified_gmt":"2024-07-11T17:30:27","slug":"guantes-de-nitrilo","status":"publish","type":"product","link":"https:\/\/liderpro.cl\/index.php\/product\/guantes-de-nitrilo\/","title":{"rendered":"Guantes de nitrilo"},"content":{"rendered":"<p>TALLAS:<\/p>\n<p>7 &#8211; 9<\/p>\n<p>Consultar disponibilidad.<\/p>\n","protected":false},"excerpt":{"rendered":"<p>C\u00f3modo guante de gran destreza y resistente a productos qu\u00edmicos, compuesto de un material resistente al contacto directo con sustancias capaces de da\u00f1ar la piel del usuario como:\u00a0disolventes, grasas, aceites y sustancias blanqueadoras, ofreciendo adem\u00e1s una gran\u00a0durabilidad gracias a su\u00a0resistencia natural\u00a0a la abrasi\u00f3n.<br \/>\nSu calce permite su uso en largas jornadas sin producir fatiga en los dedos.<\/p>\n<section class=\"blocContenu blocContenu-first\">\n<ul>\n<li>Nitrilo flocado de algod\u00f3n. Longitud : 33 cm. Espesor: 0,40 mm.<\/li>\n<li>Soporte: 100% nitrilo.<\/li>\n<li>Flocado: 100% algod\u00f3n.<\/li>\n<\/ul>\n<\/section>\n","protected":false},"featured_media":927,"comment_status":"open","ping_status":"closed","template":"","meta":[],"product_brand":[],"product_cat":[22,29],"product_tag":[],"class_list":{"0":"post-403","1":"product","2":"type-product","3":"status-publish","4":"has-post-thumbnail","6":"product_cat-proteccion-personal","7":"product_cat-manos","9":"first","10":"instock","11":"shipping-taxable","12":"product-type-simple"},"_links":{"self":[{"href":"https:\/\/liderpro.cl\/index.php\/wp-json\/wp\/v2\/product\/403","targetHints":{"allow":["GET"]}}],"collection":[{"href":"https:\/\/liderpro.cl\/index.php\/wp-json\/wp\/v2\/product"}],"about":[{"href":"https:\/\/liderpro.cl\/index.php\/wp-json\/wp\/v2\/types\/product"}],"replies":[{"embeddable":true,"href":"https:\/\/liderpro.cl\/index.php\/wp-json\/wp\/v2\/comments?post=403"}],"wp:featuredmedia":[{"embeddable":true,"href":"https:\/\/liderpro.cl\/index.php\/wp-json\/wp\/v2\/media\/927"}],"wp:attachment":[{"href":"https:\/\/liderpro.cl\/index.php\/wp-json\/wp\/v2\/media?parent=403"}],"wp:term":[{"taxonomy":"product_brand","embeddable":true,"href":"https:\/\/liderpro.cl\/index.php\/wp-json\/wp\/v2\/product_brand?post=403"},{"taxonomy":"product_cat","embeddable":true,"href":"https:\/\/liderpro.cl\/index.php\/wp-json\/wp\/v2\/product_cat?post=403"},{"taxonomy":"product_tag","embeddable":true,"href":"https:\/\/liderpro.cl\/index.php\/wp-json\/wp\/v2\/product_tag?post=403"}],"curies":[{"name":"wp","href":"https:\/\/api.w.org\/{rel}","templated":true}]}}