{"id":393,"date":"2023-10-10T22:18:15","date_gmt":"2023-10-10T22:18:15","guid":{"rendered":"https:\/\/liderpro.cl\/?post_type=product&#038;p=393"},"modified":"2024-07-11T19:11:54","modified_gmt":"2024-07-11T19:11:54","slug":"gorro-para-casco","status":"publish","type":"product","link":"https:\/\/liderpro.cl\/index.php\/product\/gorro-para-casco\/","title":{"rendered":"Gorro para casco"},"content":{"rendered":"<p>SUGERENCIA: Este es un complemento de protecci\u00f3n adicional<br \/>\nal bloqueador solar.<\/p>\n","protected":false},"excerpt":{"rendered":"<ul>\n<li>COMPOSICI\u00d3N: Popl\u00edn \/ 110 GSM \/ 100% poli\u00e9ster.<\/li>\n<li>Protecci\u00f3n respiratoria.<\/li>\n<li>Puede ser utilizado con cualquier tipo de cascos.<\/li>\n<li>Posee dos velcro, uno en la zona del cuello y otro para sujetar la tela que protege el rostro.<\/li>\n<li>Protege contra la exposici\u00f3n directa a la radiaci\u00f3n solar.<\/li>\n<li><span class=\"OYPEnA text-decoration-none text-strikethrough-none\">Cubrenuca en tela popl\u00edn de color naranjo. Aplica para labores donde haya exposici\u00f3n al sol. F\u00e1cilmente adaptable a cascos.\u00a0<\/span><\/li>\n<\/ul>\n","protected":false},"featured_media":937,"comment_status":"open","ping_status":"closed","template":"","meta":[],"product_brand":[],"product_cat":[26,22],"product_tag":[],"class_list":{"0":"post-393","1":"product","2":"type-product","3":"status-publish","4":"has-post-thumbnail","6":"product_cat-cabeza","7":"product_cat-proteccion-personal","9":"first","10":"instock","11":"shipping-taxable","12":"product-type-simple"},"_links":{"self":[{"href":"https:\/\/liderpro.cl\/index.php\/wp-json\/wp\/v2\/product\/393","targetHints":{"allow":["GET"]}}],"collection":[{"href":"https:\/\/liderpro.cl\/index.php\/wp-json\/wp\/v2\/product"}],"about":[{"href":"https:\/\/liderpro.cl\/index.php\/wp-json\/wp\/v2\/types\/product"}],"replies":[{"embeddable":true,"href":"https:\/\/liderpro.cl\/index.php\/wp-json\/wp\/v2\/comments?post=393"}],"wp:featuredmedia":[{"embeddable":true,"href":"https:\/\/liderpro.cl\/index.php\/wp-json\/wp\/v2\/media\/937"}],"wp:attachment":[{"href":"https:\/\/liderpro.cl\/index.php\/wp-json\/wp\/v2\/media?parent=393"}],"wp:term":[{"taxonomy":"product_brand","embeddable":true,"href":"https:\/\/liderpro.cl\/index.php\/wp-json\/wp\/v2\/product_brand?post=393"},{"taxonomy":"product_cat","embeddable":true,"href":"https:\/\/liderpro.cl\/index.php\/wp-json\/wp\/v2\/product_cat?post=393"},{"taxonomy":"product_tag","embeddable":true,"href":"https:\/\/liderpro.cl\/index.php\/wp-json\/wp\/v2\/product_tag?post=393"}],"curies":[{"name":"wp","href":"https:\/\/api.w.org\/{rel}","templated":true}]}}