{"id":387,"date":"2023-10-10T22:16:23","date_gmt":"2023-10-10T22:16:23","guid":{"rendered":"https:\/\/liderpro.cl\/?post_type=product&#038;p=387"},"modified":"2024-07-11T19:28:57","modified_gmt":"2024-07-11T19:28:57","slug":"casco-de-seguridad-masprot","status":"publish","type":"product","link":"https:\/\/liderpro.cl\/index.php\/product\/casco-de-seguridad-masprot\/","title":{"rendered":"Casco de seguridad masprot"},"content":{"rendered":"<ul>\n<li>Colores. Entre ellos, Blanco, Amarillo, Caf\u00e9, Rojo, Azul, Naranjo y Verde.<\/li>\n<\/ul>\n","protected":false},"excerpt":{"rendered":"<ul>\n<li>Posee en su contorno un sistema de escurrir el\u00a0 agua que permite proteger al usuario de alg\u00fan tipo de derrame l\u00edquido.<\/li>\n<li>Compuesto por una concha inyectada en polipropileno o polietileno de alta densidad.<\/li>\n<li>Posee un sistema de suspensi\u00f3n de tela de algod\u00f3n con poli\u00e9ster de 4 puntas.<\/li>\n<li>El conjunto de estos componentes, concha y suspensi\u00f3n, es lo que otorga la protecci\u00f3n adecuada al usuario en caso de golpes.<\/li>\n<li>Casco clase A,(NCH461) Clase E tipo I (ANSI Z891) Fabricado en PEAD, no incluye suspensi\u00f3n. Slot universal para inserci\u00f3n de protecci\u00f3n auditiva.<\/li>\n<li>Cuenta con soportes para inserci\u00f3n de barboquejo, el cual es recomendado para trabajos en altura o de mucho movimiento.<\/li>\n<li>La inyecci\u00f3n de la concha como una sola pieza de polipropileno o polietileno de alta densidad, provee una alta resistencia al impacto y a las descargas diel\u00e9ctricas.<\/li>\n<\/ul>\n","protected":false},"featured_media":388,"comment_status":"open","ping_status":"closed","template":"","meta":[],"product_brand":[],"product_cat":[26,22],"product_tag":[],"class_list":{"0":"post-387","1":"product","2":"type-product","3":"status-publish","4":"has-post-thumbnail","6":"product_cat-cabeza","7":"product_cat-proteccion-personal","9":"first","10":"instock","11":"shipping-taxable","12":"product-type-simple"},"_links":{"self":[{"href":"https:\/\/liderpro.cl\/index.php\/wp-json\/wp\/v2\/product\/387","targetHints":{"allow":["GET"]}}],"collection":[{"href":"https:\/\/liderpro.cl\/index.php\/wp-json\/wp\/v2\/product"}],"about":[{"href":"https:\/\/liderpro.cl\/index.php\/wp-json\/wp\/v2\/types\/product"}],"replies":[{"embeddable":true,"href":"https:\/\/liderpro.cl\/index.php\/wp-json\/wp\/v2\/comments?post=387"}],"wp:featuredmedia":[{"embeddable":true,"href":"https:\/\/liderpro.cl\/index.php\/wp-json\/wp\/v2\/media\/388"}],"wp:attachment":[{"href":"https:\/\/liderpro.cl\/index.php\/wp-json\/wp\/v2\/media?parent=387"}],"wp:term":[{"taxonomy":"product_brand","embeddable":true,"href":"https:\/\/liderpro.cl\/index.php\/wp-json\/wp\/v2\/product_brand?post=387"},{"taxonomy":"product_cat","embeddable":true,"href":"https:\/\/liderpro.cl\/index.php\/wp-json\/wp\/v2\/product_cat?post=387"},{"taxonomy":"product_tag","embeddable":true,"href":"https:\/\/liderpro.cl\/index.php\/wp-json\/wp\/v2\/product_tag?post=387"}],"curies":[{"name":"wp","href":"https:\/\/api.w.org\/{rel}","templated":true}]}}