{"id":385,"date":"2023-10-10T22:15:48","date_gmt":"2023-10-10T22:15:48","guid":{"rendered":"https:\/\/liderpro.cl\/?post_type=product&#038;p=385"},"modified":"2024-07-11T20:26:09","modified_gmt":"2024-07-11T20:26:09","slug":"casco-basico","status":"publish","type":"product","link":"https:\/\/liderpro.cl\/index.php\/product\/casco-basico\/","title":{"rendered":"Casco b\u00e1sico"},"content":{"rendered":"<p>Consultar disponibilidad de colores.<\/p>\n","protected":false},"excerpt":{"rendered":"<p>Dise\u00f1ado para proteger la cabeza del impacto de objetos que caen libremente.<br \/>\nFabricado en polietileno. Su dise\u00f1o se distingue por su moderno y excelente terminaci\u00f3n adem\u00e1s de su variedad en colores.<\/p>\n<ul>\n<li>Material: Polietileno de alta densidad<\/li>\n<li>Arn\u00e9s con exclusivo ajuste en altura.<\/li>\n<\/ul>\n","protected":false},"featured_media":386,"comment_status":"open","ping_status":"closed","template":"","meta":[],"product_brand":[],"product_cat":[26,22],"product_tag":[],"class_list":{"0":"post-385","1":"product","2":"type-product","3":"status-publish","4":"has-post-thumbnail","6":"product_cat-cabeza","7":"product_cat-proteccion-personal","9":"first","10":"instock","11":"shipping-taxable","12":"product-type-simple"},"_links":{"self":[{"href":"https:\/\/liderpro.cl\/index.php\/wp-json\/wp\/v2\/product\/385","targetHints":{"allow":["GET"]}}],"collection":[{"href":"https:\/\/liderpro.cl\/index.php\/wp-json\/wp\/v2\/product"}],"about":[{"href":"https:\/\/liderpro.cl\/index.php\/wp-json\/wp\/v2\/types\/product"}],"replies":[{"embeddable":true,"href":"https:\/\/liderpro.cl\/index.php\/wp-json\/wp\/v2\/comments?post=385"}],"wp:featuredmedia":[{"embeddable":true,"href":"https:\/\/liderpro.cl\/index.php\/wp-json\/wp\/v2\/media\/386"}],"wp:attachment":[{"href":"https:\/\/liderpro.cl\/index.php\/wp-json\/wp\/v2\/media?parent=385"}],"wp:term":[{"taxonomy":"product_brand","embeddable":true,"href":"https:\/\/liderpro.cl\/index.php\/wp-json\/wp\/v2\/product_brand?post=385"},{"taxonomy":"product_cat","embeddable":true,"href":"https:\/\/liderpro.cl\/index.php\/wp-json\/wp\/v2\/product_cat?post=385"},{"taxonomy":"product_tag","embeddable":true,"href":"https:\/\/liderpro.cl\/index.php\/wp-json\/wp\/v2\/product_tag?post=385"}],"curies":[{"name":"wp","href":"https:\/\/api.w.org\/{rel}","templated":true}]}}