{"id":379,"date":"2023-10-10T22:13:38","date_gmt":"2023-10-10T22:13:38","guid":{"rendered":"https:\/\/liderpro.cl\/?post_type=product&#038;p=379"},"modified":"2024-07-12T16:24:00","modified_gmt":"2024-07-12T16:24:00","slug":"par-de-tapones-auditivos-de-silicona","status":"publish","type":"product","link":"https:\/\/liderpro.cl\/index.php\/product\/par-de-tapones-auditivos-de-silicona\/","title":{"rendered":"Par de tapones auditivos de silicona"},"content":{"rendered":"<p>1 par por caja pl\u00e1stica transparente 100 pares \/caja en embalaje est\u00e1ndar.<\/p>\n<p>&nbsp;<\/p>\n<p>&nbsp;<\/p>\n","protected":false},"excerpt":{"rendered":"<p>Tap\u00f3n reutilizable fabricado en silicona. Puede limpiarse f\u00e1cilmente con agua y jab\u00f3n. Ajusta bien en la mayor\u00eda de los canales auditivos, de f\u00e1cil inserci\u00f3n y extracci\u00f3n. Sistema de cord\u00f3n azul con caja individual<\/p>\n<p>Material de elast\u00f3mero sint\u00e9tico Recomendados para usarse en aquellos puestos de trabajo donde existe tanto exposici\u00f3n al ruido, como al calor, o la humedad.<\/p>\n","protected":false},"featured_media":951,"comment_status":"open","ping_status":"closed","template":"","meta":[],"product_brand":[],"product_cat":[39,22],"product_tag":[],"class_list":{"0":"post-379","1":"product","2":"type-product","3":"status-publish","4":"has-post-thumbnail","6":"product_cat-auditivos","7":"product_cat-proteccion-personal","9":"first","10":"instock","11":"shipping-taxable","12":"product-type-simple"},"_links":{"self":[{"href":"https:\/\/liderpro.cl\/index.php\/wp-json\/wp\/v2\/product\/379","targetHints":{"allow":["GET"]}}],"collection":[{"href":"https:\/\/liderpro.cl\/index.php\/wp-json\/wp\/v2\/product"}],"about":[{"href":"https:\/\/liderpro.cl\/index.php\/wp-json\/wp\/v2\/types\/product"}],"replies":[{"embeddable":true,"href":"https:\/\/liderpro.cl\/index.php\/wp-json\/wp\/v2\/comments?post=379"}],"wp:featuredmedia":[{"embeddable":true,"href":"https:\/\/liderpro.cl\/index.php\/wp-json\/wp\/v2\/media\/951"}],"wp:attachment":[{"href":"https:\/\/liderpro.cl\/index.php\/wp-json\/wp\/v2\/media?parent=379"}],"wp:term":[{"taxonomy":"product_brand","embeddable":true,"href":"https:\/\/liderpro.cl\/index.php\/wp-json\/wp\/v2\/product_brand?post=379"},{"taxonomy":"product_cat","embeddable":true,"href":"https:\/\/liderpro.cl\/index.php\/wp-json\/wp\/v2\/product_cat?post=379"},{"taxonomy":"product_tag","embeddable":true,"href":"https:\/\/liderpro.cl\/index.php\/wp-json\/wp\/v2\/product_tag?post=379"}],"curies":[{"name":"wp","href":"https:\/\/api.w.org\/{rel}","templated":true}]}}