{"id":368,"date":"2023-10-10T22:09:21","date_gmt":"2023-10-10T22:09:21","guid":{"rendered":"https:\/\/liderpro.cl\/?post_type=product&#038;p=368"},"modified":"2024-07-12T18:44:41","modified_gmt":"2024-07-12T18:44:41","slug":"paleta-senalizacion","status":"publish","type":"product","link":"https:\/\/liderpro.cl\/index.php\/product\/paleta-senalizacion\/","title":{"rendered":"Paleta se\u00f1alizaci\u00f3n"},"content":{"rendered":"<p>Es 1 paleta. Una cara dice pare y la otra siga. Dimensiones DIAMETRO 21 CM MANGO 10 CM.<\/p>\n","protected":false},"excerpt":{"rendered":"<p>Dispositivo flexible, alta resistencia al impacto y desgarres, dise\u00f1o ergon\u00f3mico, econ\u00f3mico, innovador, producto fiable y resistente, buena visibilidad tanto nocturna como diurna.<\/p>\n","protected":false},"featured_media":968,"comment_status":"open","ping_status":"closed","template":"","meta":[],"product_brand":[],"product_cat":[31,22],"product_tag":[],"class_list":{"0":"post-368","1":"product","2":"type-product","3":"status-publish","4":"has-post-thumbnail","6":"product_cat-accesorios","7":"product_cat-proteccion-personal","9":"first","10":"instock","11":"shipping-taxable","12":"product-type-simple"},"_links":{"self":[{"href":"https:\/\/liderpro.cl\/index.php\/wp-json\/wp\/v2\/product\/368","targetHints":{"allow":["GET"]}}],"collection":[{"href":"https:\/\/liderpro.cl\/index.php\/wp-json\/wp\/v2\/product"}],"about":[{"href":"https:\/\/liderpro.cl\/index.php\/wp-json\/wp\/v2\/types\/product"}],"replies":[{"embeddable":true,"href":"https:\/\/liderpro.cl\/index.php\/wp-json\/wp\/v2\/comments?post=368"}],"wp:featuredmedia":[{"embeddable":true,"href":"https:\/\/liderpro.cl\/index.php\/wp-json\/wp\/v2\/media\/968"}],"wp:attachment":[{"href":"https:\/\/liderpro.cl\/index.php\/wp-json\/wp\/v2\/media?parent=368"}],"wp:term":[{"taxonomy":"product_brand","embeddable":true,"href":"https:\/\/liderpro.cl\/index.php\/wp-json\/wp\/v2\/product_brand?post=368"},{"taxonomy":"product_cat","embeddable":true,"href":"https:\/\/liderpro.cl\/index.php\/wp-json\/wp\/v2\/product_cat?post=368"},{"taxonomy":"product_tag","embeddable":true,"href":"https:\/\/liderpro.cl\/index.php\/wp-json\/wp\/v2\/product_tag?post=368"}],"curies":[{"name":"wp","href":"https:\/\/api.w.org\/{rel}","templated":true}]}}