{"id":360,"date":"2023-10-10T22:07:49","date_gmt":"2023-10-10T22:07:49","guid":{"rendered":"https:\/\/liderpro.cl\/?post_type=product&#038;p=360"},"modified":"2024-07-15T19:04:36","modified_gmt":"2024-07-15T19:04:36","slug":"botiquin-primeros-auxilios-100-personas","status":"publish","type":"product","link":"https:\/\/liderpro.cl\/index.php\/product\/botiquin-primeros-auxilios-100-personas\/","title":{"rendered":"Botiqu\u00edn primeros auxilios 100 personas"},"content":{"rendered":"<p>Recuerda que un botiqu\u00edn de primeros auxilios es una herramienta importante, pero no reemplaza la atenci\u00f3n m\u00e9dica profesional. Siempre es necesario buscar ayuda m\u00e9dica adecuada en caso de lesiones graves o emergencias m\u00e9dicas.<\/p>\n","protected":false},"excerpt":{"rendered":"<p>El botiqu\u00edn de primeros auxilios para 100 personas es un conjunto completo de suministros m\u00e9dicos dise\u00f1ado para atender las necesidades de primeros auxilios<\/p>\n<p>Est\u00e1 dise\u00f1ado para ser utilizado por personas no tituladas en medicina, antes de la intervenci\u00f3n de los servicios de emergencia profesionales. Algunos de los elementos t\u00edpicos que se pueden encontrar en un botiqu\u00edn de primeros auxilios para 100 personas incluyen vendajes, ap\u00f3sitos adhesivos, gasas est\u00e9riles, tijeras, pinzas, guantes desechables, paquetes de alcohol, paquetes de toallitas antis\u00e9pticas, vendaje el\u00e1stico, cinta adhesiva, pinzas para astillas, entre otros.<\/p>\n","protected":false},"featured_media":361,"comment_status":"open","ping_status":"closed","template":"","meta":[],"product_brand":[],"product_cat":[31,22],"product_tag":[],"class_list":{"0":"post-360","1":"product","2":"type-product","3":"status-publish","4":"has-post-thumbnail","6":"product_cat-accesorios","7":"product_cat-proteccion-personal","9":"first","10":"instock","11":"shipping-taxable","12":"product-type-simple"},"_links":{"self":[{"href":"https:\/\/liderpro.cl\/index.php\/wp-json\/wp\/v2\/product\/360","targetHints":{"allow":["GET"]}}],"collection":[{"href":"https:\/\/liderpro.cl\/index.php\/wp-json\/wp\/v2\/product"}],"about":[{"href":"https:\/\/liderpro.cl\/index.php\/wp-json\/wp\/v2\/types\/product"}],"replies":[{"embeddable":true,"href":"https:\/\/liderpro.cl\/index.php\/wp-json\/wp\/v2\/comments?post=360"}],"wp:featuredmedia":[{"embeddable":true,"href":"https:\/\/liderpro.cl\/index.php\/wp-json\/wp\/v2\/media\/361"}],"wp:attachment":[{"href":"https:\/\/liderpro.cl\/index.php\/wp-json\/wp\/v2\/media?parent=360"}],"wp:term":[{"taxonomy":"product_brand","embeddable":true,"href":"https:\/\/liderpro.cl\/index.php\/wp-json\/wp\/v2\/product_brand?post=360"},{"taxonomy":"product_cat","embeddable":true,"href":"https:\/\/liderpro.cl\/index.php\/wp-json\/wp\/v2\/product_cat?post=360"},{"taxonomy":"product_tag","embeddable":true,"href":"https:\/\/liderpro.cl\/index.php\/wp-json\/wp\/v2\/product_tag?post=360"}],"curies":[{"name":"wp","href":"https:\/\/api.w.org\/{rel}","templated":true}]}}