{"id":348,"date":"2023-10-10T22:00:31","date_gmt":"2023-10-10T22:00:31","guid":{"rendered":"https:\/\/liderpro.cl\/?post_type=product&#038;p=348"},"modified":"2024-07-15T20:37:22","modified_gmt":"2024-07-15T20:37:22","slug":"polera-pique-manga-larga-hombre","status":"publish","type":"product","link":"https:\/\/liderpro.cl\/index.php\/product\/polera-pique-manga-larga-hombre\/","title":{"rendered":"Polera piqu\u00e9 manga larga hombre"},"content":{"rendered":"<p>TALLAS:<\/p>\n<p>Desde la S hasta la XXL<\/p>\n<p>Consultar disponibilidad de colores.<\/p>\n","protected":false},"excerpt":{"rendered":"<p>Esta polera de manga larga de tela piqu\u00e9 ha sido dise\u00f1ada pensando en la comodidad, durabilidad y estilo que necesitas en tu entorno de trabajo. Fabricada con una suave tela inspirada en el mundo deportivo y con un dise\u00f1o atemporal, esta prenda ser\u00e1 tu elecci\u00f3n constante para el trabajo.<\/p>\n","protected":false},"featured_media":993,"comment_status":"open","ping_status":"closed","template":"","meta":[],"product_brand":[],"product_cat":[35,21,24],"product_tag":[],"class_list":{"0":"post-348","1":"product","2":"type-product","3":"status-publish","4":"has-post-thumbnail","6":"product_cat-poleras","7":"product_cat-uniformes","8":"product_cat-uniformes-coorporativos","10":"first","11":"instock","12":"shipping-taxable","13":"product-type-simple"},"_links":{"self":[{"href":"https:\/\/liderpro.cl\/index.php\/wp-json\/wp\/v2\/product\/348","targetHints":{"allow":["GET"]}}],"collection":[{"href":"https:\/\/liderpro.cl\/index.php\/wp-json\/wp\/v2\/product"}],"about":[{"href":"https:\/\/liderpro.cl\/index.php\/wp-json\/wp\/v2\/types\/product"}],"replies":[{"embeddable":true,"href":"https:\/\/liderpro.cl\/index.php\/wp-json\/wp\/v2\/comments?post=348"}],"wp:featuredmedia":[{"embeddable":true,"href":"https:\/\/liderpro.cl\/index.php\/wp-json\/wp\/v2\/media\/993"}],"wp:attachment":[{"href":"https:\/\/liderpro.cl\/index.php\/wp-json\/wp\/v2\/media?parent=348"}],"wp:term":[{"taxonomy":"product_brand","embeddable":true,"href":"https:\/\/liderpro.cl\/index.php\/wp-json\/wp\/v2\/product_brand?post=348"},{"taxonomy":"product_cat","embeddable":true,"href":"https:\/\/liderpro.cl\/index.php\/wp-json\/wp\/v2\/product_cat?post=348"},{"taxonomy":"product_tag","embeddable":true,"href":"https:\/\/liderpro.cl\/index.php\/wp-json\/wp\/v2\/product_tag?post=348"}],"curies":[{"name":"wp","href":"https:\/\/api.w.org\/{rel}","templated":true}]}}