{"id":340,"date":"2023-10-10T21:57:55","date_gmt":"2023-10-10T21:57:55","guid":{"rendered":"https:\/\/liderpro.cl\/?post_type=product&#038;p=340"},"modified":"2024-07-17T13:57:03","modified_gmt":"2024-07-17T13:57:03","slug":"dry-fit-manga-larga-con-cinta-reflectante","status":"publish","type":"product","link":"https:\/\/liderpro.cl\/index.php\/product\/dry-fit-manga-larga-con-cinta-reflectante\/","title":{"rendered":"Dry fit manga larga con cinta reflectante"},"content":{"rendered":"<p>TALLAS:<\/p>\n<p>Desde la S hasta la XXL<\/p>\n<p>&nbsp;<\/p>\n","protected":false},"excerpt":{"rendered":"<p>Polera fluor manga larga cuello redondo, dise\u00f1ada con tecnolog\u00eda Dry Fit, buen absorbente de calor que otorga suavidad, frescura y libertad de movimientos. Nuestra polera esta dise\u00f1ada con un tejido de secado r\u00e1pido, ideal para uso diario. Cuenta protecci\u00f3n UPF que protege la tela y tu piel de los rayos del sol, fue desarrollada bajo la ley 20.096, que consiste en proteger a los trabajadores que puedan estar expuestos a radiaci\u00f3n ultravioleta.<\/p>\n<p>La alta visibilidad es un requisito crucial en las industrial, su principal funci\u00f3n es distinguir al usuario del fondo con el resultado de que son claramente visibles desde todo \u00e1ngulo, evitando accidentes que ocurran en situaciones potencialmente peligrosas.<\/p>\n","protected":false},"featured_media":1005,"comment_status":"open","ping_status":"closed","template":"","meta":[],"product_brand":[],"product_cat":[35,21,24],"product_tag":[],"class_list":{"0":"post-340","1":"product","2":"type-product","3":"status-publish","4":"has-post-thumbnail","6":"product_cat-poleras","7":"product_cat-uniformes","8":"product_cat-uniformes-coorporativos","10":"first","11":"instock","12":"shipping-taxable","13":"product-type-simple"},"_links":{"self":[{"href":"https:\/\/liderpro.cl\/index.php\/wp-json\/wp\/v2\/product\/340","targetHints":{"allow":["GET"]}}],"collection":[{"href":"https:\/\/liderpro.cl\/index.php\/wp-json\/wp\/v2\/product"}],"about":[{"href":"https:\/\/liderpro.cl\/index.php\/wp-json\/wp\/v2\/types\/product"}],"replies":[{"embeddable":true,"href":"https:\/\/liderpro.cl\/index.php\/wp-json\/wp\/v2\/comments?post=340"}],"wp:featuredmedia":[{"embeddable":true,"href":"https:\/\/liderpro.cl\/index.php\/wp-json\/wp\/v2\/media\/1005"}],"wp:attachment":[{"href":"https:\/\/liderpro.cl\/index.php\/wp-json\/wp\/v2\/media?parent=340"}],"wp:term":[{"taxonomy":"product_brand","embeddable":true,"href":"https:\/\/liderpro.cl\/index.php\/wp-json\/wp\/v2\/product_brand?post=340"},{"taxonomy":"product_cat","embeddable":true,"href":"https:\/\/liderpro.cl\/index.php\/wp-json\/wp\/v2\/product_cat?post=340"},{"taxonomy":"product_tag","embeddable":true,"href":"https:\/\/liderpro.cl\/index.php\/wp-json\/wp\/v2\/product_tag?post=340"}],"curies":[{"name":"wp","href":"https:\/\/api.w.org\/{rel}","templated":true}]}}