{"id":336,"date":"2023-10-10T21:56:34","date_gmt":"2023-10-10T21:56:34","guid":{"rendered":"https:\/\/liderpro.cl\/?post_type=product&#038;p=336"},"modified":"2024-07-17T14:06:26","modified_gmt":"2024-07-17T14:06:26","slug":"jardinera-termica","status":"publish","type":"product","link":"https:\/\/liderpro.cl\/index.php\/product\/jardinera-termica\/","title":{"rendered":"Jardinera t\u00e9rmica"},"content":{"rendered":"<section class=\"elementor-section elementor-top-section elementor-element elementor-element-eaabfe5 elementor-section-boxed elementor-section-height-default elementor-section-height-default\" data-id=\"eaabfe5\" data-element_type=\"section\">\n<div class=\"elementor-container elementor-column-gap-default\">\n<div class=\"elementor-column elementor-col-100 elementor-top-column elementor-element elementor-element-df03fac\" data-id=\"df03fac\" data-element_type=\"column\">\n<div class=\"elementor-widget-wrap elementor-element-populated\">\n<div class=\"elementor-element elementor-element-92b7fb4 elementor-widget elementor-widget-text-editor\" data-id=\"92b7fb4\" data-element_type=\"widget\" data-widget_type=\"text-editor.default\">\n<div class=\"elementor-widget-container\"><strong>INDUSTRIAS:<\/strong><span class=\"S1PPyQ\">Log\u00edstica, Construcci\u00f3n, Miner\u00eda, Industrial, Pesca, Agricultura, Forestal, Industria alimenticia.<\/span><\/div>\n<\/div>\n<\/div>\n<\/div>\n<\/div>\n<\/section>\n<div class=\"elementor-column elementor-col-100 elementor-top-column elementor-element elementor-element-e1901d8\" data-id=\"e1901d8\" data-element_type=\"column\"><\/div>\n<div data-id=\"e1901d8\" data-element_type=\"column\">TALLAS:<\/div>\n<div data-id=\"e1901d8\" data-element_type=\"column\"><\/div>\n<div data-id=\"e1901d8\" data-element_type=\"column\">Desde la S hasta la XXL<\/div>\n","protected":false},"excerpt":{"rendered":"<ul>\n<li>Este modelo cuenta con 3 capas diferentes de materiales que ayudan a mantener la temperatura corporal (revestimiento aislante de calor \u201cNapa\u201d, forro y tejido exterior).<\/li>\n<li>Posee cintas reflectantes de alta visibilidad de 1 pulgada alrededor de ambas piernas.<\/li>\n<li>Tirantes ajustables con refuerzo elasticado para un mejor soporte y comodidad.<\/li>\n<li>Cierre frontal con solapa y boton para refuerzo.<\/li>\n<li>Cuenta con bolsillos frontales.<\/li>\n<li>Apertura en zona baja de la pierna, cuenta con cierre con tapeta y velcros para refuerzo.<\/li>\n<\/ul>\n","protected":false},"featured_media":1014,"comment_status":"open","ping_status":"closed","template":"","meta":[],"product_brand":[],"product_cat":[37,21,24],"product_tag":[],"class_list":{"0":"post-336","1":"product","2":"type-product","3":"status-publish","4":"has-post-thumbnail","6":"product_cat-ropa-termica","7":"product_cat-uniformes","8":"product_cat-uniformes-coorporativos","10":"first","11":"instock","12":"shipping-taxable","13":"product-type-simple"},"_links":{"self":[{"href":"https:\/\/liderpro.cl\/index.php\/wp-json\/wp\/v2\/product\/336","targetHints":{"allow":["GET"]}}],"collection":[{"href":"https:\/\/liderpro.cl\/index.php\/wp-json\/wp\/v2\/product"}],"about":[{"href":"https:\/\/liderpro.cl\/index.php\/wp-json\/wp\/v2\/types\/product"}],"replies":[{"embeddable":true,"href":"https:\/\/liderpro.cl\/index.php\/wp-json\/wp\/v2\/comments?post=336"}],"wp:featuredmedia":[{"embeddable":true,"href":"https:\/\/liderpro.cl\/index.php\/wp-json\/wp\/v2\/media\/1014"}],"wp:attachment":[{"href":"https:\/\/liderpro.cl\/index.php\/wp-json\/wp\/v2\/media?parent=336"}],"wp:term":[{"taxonomy":"product_brand","embeddable":true,"href":"https:\/\/liderpro.cl\/index.php\/wp-json\/wp\/v2\/product_brand?post=336"},{"taxonomy":"product_cat","embeddable":true,"href":"https:\/\/liderpro.cl\/index.php\/wp-json\/wp\/v2\/product_cat?post=336"},{"taxonomy":"product_tag","embeddable":true,"href":"https:\/\/liderpro.cl\/index.php\/wp-json\/wp\/v2\/product_tag?post=336"}],"curies":[{"name":"wp","href":"https:\/\/api.w.org\/{rel}","templated":true}]}}