{"id":334,"date":"2023-10-10T21:56:04","date_gmt":"2023-10-10T21:56:04","guid":{"rendered":"https:\/\/liderpro.cl\/?post_type=product&#038;p=334"},"modified":"2024-07-17T14:40:15","modified_gmt":"2024-07-17T14:40:15","slug":"calcetin-termico","status":"publish","type":"product","link":"https:\/\/liderpro.cl\/index.php\/product\/calcetin-termico\/","title":{"rendered":"calcet\u00edn termico"},"content":{"rendered":"<p>TALLA UNICA<\/p>\n","protected":false},"excerpt":{"rendered":"<ul>\n<li>Calcet\u00edn fabricado con tegnolog\u00eda Americana Cobre CuTEC 29 (antimic\u00f3tica, anti\u00e1caros antibacteriana y regeneradora de heridas)<\/li>\n<li>Componentes: Algod\u00f3n 68%, Fibra CuTEC 29 (Cobre 19%), Spandex 1% y Elastano 3%. Punta, tal\u00f3n y planta acolchados.<\/li>\n<li>Recomendados para personas que padecen Diabetes.<\/li>\n<\/ul>\n","protected":false},"featured_media":1017,"comment_status":"open","ping_status":"closed","template":"","meta":[],"product_brand":[],"product_cat":[37,21,24],"product_tag":[],"class_list":{"0":"post-334","1":"product","2":"type-product","3":"status-publish","4":"has-post-thumbnail","6":"product_cat-ropa-termica","7":"product_cat-uniformes","8":"product_cat-uniformes-coorporativos","10":"first","11":"instock","12":"shipping-taxable","13":"product-type-simple"},"_links":{"self":[{"href":"https:\/\/liderpro.cl\/index.php\/wp-json\/wp\/v2\/product\/334","targetHints":{"allow":["GET"]}}],"collection":[{"href":"https:\/\/liderpro.cl\/index.php\/wp-json\/wp\/v2\/product"}],"about":[{"href":"https:\/\/liderpro.cl\/index.php\/wp-json\/wp\/v2\/types\/product"}],"replies":[{"embeddable":true,"href":"https:\/\/liderpro.cl\/index.php\/wp-json\/wp\/v2\/comments?post=334"}],"wp:featuredmedia":[{"embeddable":true,"href":"https:\/\/liderpro.cl\/index.php\/wp-json\/wp\/v2\/media\/1017"}],"wp:attachment":[{"href":"https:\/\/liderpro.cl\/index.php\/wp-json\/wp\/v2\/media?parent=334"}],"wp:term":[{"taxonomy":"product_brand","embeddable":true,"href":"https:\/\/liderpro.cl\/index.php\/wp-json\/wp\/v2\/product_brand?post=334"},{"taxonomy":"product_cat","embeddable":true,"href":"https:\/\/liderpro.cl\/index.php\/wp-json\/wp\/v2\/product_cat?post=334"},{"taxonomy":"product_tag","embeddable":true,"href":"https:\/\/liderpro.cl\/index.php\/wp-json\/wp\/v2\/product_tag?post=334"}],"curies":[{"name":"wp","href":"https:\/\/api.w.org\/{rel}","templated":true}]}}