{"id":208,"date":"2023-10-09T14:39:13","date_gmt":"2023-10-09T14:39:13","guid":{"rendered":"https:\/\/liderpro.cl\/?post_type=product&#038;p=208"},"modified":"2024-07-17T16:43:25","modified_gmt":"2024-07-17T16:43:25","slug":"pantalon-cargo-classic-executive-hombre","status":"publish","type":"product","link":"https:\/\/liderpro.cl\/index.php\/product\/pantalon-cargo-classic-executive-hombre\/","title":{"rendered":"Pantal\u00f3n cargo classic executive hombre"},"content":{"rendered":"<p>TALLAS:<\/p>\n<p>Desde la S hasta la XXL<\/p>\n<p>Colores: Negro, gris, azul marino y beige.<\/p>\n","protected":false},"excerpt":{"rendered":"<p>El Pantal\u00f3n Cargo Forro Polar Executive es la combinaci\u00f3n perfecta entre comodidad, durabilidad y funcionalidad, ideal para enfrentar climas fr\u00edos y desafiantes. Fabricado con materiales de alta calidad, este pantal\u00f3n ofrece durabilidad excepcional sin comprometer la comodidad.<\/p>\n<ul>\n<li>Bolsillo Cargo<\/li>\n<li>Durable<\/li>\n<li>Estabilidad Dimensional<\/li>\n<li>Solidez De Color<\/li>\n<\/ul>\n","protected":false},"featured_media":1082,"comment_status":"open","ping_status":"closed","template":"","meta":[],"product_brand":[],"product_cat":[34,21,24],"product_tag":[],"class_list":{"0":"post-208","1":"product","2":"type-product","3":"status-publish","4":"has-post-thumbnail","6":"product_cat-pantalones","7":"product_cat-uniformes","8":"product_cat-uniformes-coorporativos","10":"first","11":"instock","12":"shipping-taxable","13":"product-type-simple"},"_links":{"self":[{"href":"https:\/\/liderpro.cl\/index.php\/wp-json\/wp\/v2\/product\/208","targetHints":{"allow":["GET"]}}],"collection":[{"href":"https:\/\/liderpro.cl\/index.php\/wp-json\/wp\/v2\/product"}],"about":[{"href":"https:\/\/liderpro.cl\/index.php\/wp-json\/wp\/v2\/types\/product"}],"replies":[{"embeddable":true,"href":"https:\/\/liderpro.cl\/index.php\/wp-json\/wp\/v2\/comments?post=208"}],"wp:featuredmedia":[{"embeddable":true,"href":"https:\/\/liderpro.cl\/index.php\/wp-json\/wp\/v2\/media\/1082"}],"wp:attachment":[{"href":"https:\/\/liderpro.cl\/index.php\/wp-json\/wp\/v2\/media?parent=208"}],"wp:term":[{"taxonomy":"product_brand","embeddable":true,"href":"https:\/\/liderpro.cl\/index.php\/wp-json\/wp\/v2\/product_brand?post=208"},{"taxonomy":"product_cat","embeddable":true,"href":"https:\/\/liderpro.cl\/index.php\/wp-json\/wp\/v2\/product_cat?post=208"},{"taxonomy":"product_tag","embeddable":true,"href":"https:\/\/liderpro.cl\/index.php\/wp-json\/wp\/v2\/product_tag?post=208"}],"curies":[{"name":"wp","href":"https:\/\/api.w.org\/{rel}","templated":true}]}}