{"id":202,"date":"2023-10-09T14:36:35","date_gmt":"2023-10-09T14:36:35","guid":{"rendered":"https:\/\/liderpro.cl\/?post_type=product&#038;p=202"},"modified":"2024-07-17T17:17:11","modified_gmt":"2024-07-17T17:17:11","slug":"gorro-pescador","status":"publish","type":"product","link":"https:\/\/liderpro.cl\/index.php\/product\/gorro-pescador\/","title":{"rendered":"Gorro pescador"},"content":{"rendered":"<p>MUY RECOMENDADO PARA TRABAJOS DE CAMPO, ACTIVIDADES RECREATIVAS COMO TAMBI\u00c9N PARA PROTEGER CABEZA Y CUELLO DURANTE LA PR\u00c1CTICA DE DEPORTES. PRODUCTO DE TELA BASE GABARDINA RIPSTOP 65% POLI\u00c9STER Y 35% ALGOD\u00d3N.<\/p>\n","protected":false},"excerpt":{"rendered":"<p>Gorro\/sombrero tipo pescador, evita desgarros, ideal para uso Outdoor.<\/p>\n<ul>\n<li>Costuras reforzadas, bordes con vivo para una mayor durabilidad.<\/li>\n<li>Broches a los costados para adaptar la posici\u00f3n de la visera.<\/li>\n<li>Amarra ajustable con plastic cord stopper.<\/li>\n<\/ul>\n<p>&nbsp;<\/p>\n<p>&nbsp;<\/p>\n","protected":false},"featured_media":1097,"comment_status":"open","ping_status":"closed","template":"","meta":[],"product_brand":[],"product_cat":[33,21,24],"product_tag":[],"class_list":{"0":"post-202","1":"product","2":"type-product","3":"status-publish","4":"has-post-thumbnail","6":"product_cat-gorro","7":"product_cat-uniformes","8":"product_cat-uniformes-coorporativos","10":"first","11":"instock","12":"shipping-taxable","13":"product-type-simple"},"_links":{"self":[{"href":"https:\/\/liderpro.cl\/index.php\/wp-json\/wp\/v2\/product\/202","targetHints":{"allow":["GET"]}}],"collection":[{"href":"https:\/\/liderpro.cl\/index.php\/wp-json\/wp\/v2\/product"}],"about":[{"href":"https:\/\/liderpro.cl\/index.php\/wp-json\/wp\/v2\/types\/product"}],"replies":[{"embeddable":true,"href":"https:\/\/liderpro.cl\/index.php\/wp-json\/wp\/v2\/comments?post=202"}],"wp:featuredmedia":[{"embeddable":true,"href":"https:\/\/liderpro.cl\/index.php\/wp-json\/wp\/v2\/media\/1097"}],"wp:attachment":[{"href":"https:\/\/liderpro.cl\/index.php\/wp-json\/wp\/v2\/media?parent=202"}],"wp:term":[{"taxonomy":"product_brand","embeddable":true,"href":"https:\/\/liderpro.cl\/index.php\/wp-json\/wp\/v2\/product_brand?post=202"},{"taxonomy":"product_cat","embeddable":true,"href":"https:\/\/liderpro.cl\/index.php\/wp-json\/wp\/v2\/product_cat?post=202"},{"taxonomy":"product_tag","embeddable":true,"href":"https:\/\/liderpro.cl\/index.php\/wp-json\/wp\/v2\/product_tag?post=202"}],"curies":[{"name":"wp","href":"https:\/\/api.w.org\/{rel}","templated":true}]}}