{"id":199,"date":"2023-10-09T14:34:39","date_gmt":"2023-10-09T14:34:39","guid":{"rendered":"https:\/\/liderpro.cl\/?post_type=product&#038;p=199"},"modified":"2024-07-17T17:30:16","modified_gmt":"2024-07-17T17:30:16","slug":"legionario","status":"publish","type":"product","link":"https:\/\/liderpro.cl\/index.php\/product\/legionario\/","title":{"rendered":"Legionario"},"content":{"rendered":"<p>TALLA: Unica<\/p>\n<p>Consultar disponibilidad de colores.<\/p>\n","protected":false},"excerpt":{"rendered":"<p>Producto de tela base Tactel UV. De composici\u00f3n 100% Nylon. Su casco es 6p con cord\u00f3n de ajuste. Se recomienda para trabajos de campo, actividades recreativas como tambi\u00e9n para proteger cabeza y cuello durante la pr\u00e1ctica de deportes.<\/p>\n","protected":false},"featured_media":1101,"comment_status":"open","ping_status":"closed","template":"","meta":[],"product_brand":[],"product_cat":[33,21,24],"product_tag":[],"class_list":{"0":"post-199","1":"product","2":"type-product","3":"status-publish","4":"has-post-thumbnail","6":"product_cat-gorro","7":"product_cat-uniformes","8":"product_cat-uniformes-coorporativos","10":"first","11":"instock","12":"shipping-taxable","13":"product-type-simple"},"_links":{"self":[{"href":"https:\/\/liderpro.cl\/index.php\/wp-json\/wp\/v2\/product\/199","targetHints":{"allow":["GET"]}}],"collection":[{"href":"https:\/\/liderpro.cl\/index.php\/wp-json\/wp\/v2\/product"}],"about":[{"href":"https:\/\/liderpro.cl\/index.php\/wp-json\/wp\/v2\/types\/product"}],"replies":[{"embeddable":true,"href":"https:\/\/liderpro.cl\/index.php\/wp-json\/wp\/v2\/comments?post=199"}],"wp:featuredmedia":[{"embeddable":true,"href":"https:\/\/liderpro.cl\/index.php\/wp-json\/wp\/v2\/media\/1101"}],"wp:attachment":[{"href":"https:\/\/liderpro.cl\/index.php\/wp-json\/wp\/v2\/media?parent=199"}],"wp:term":[{"taxonomy":"product_brand","embeddable":true,"href":"https:\/\/liderpro.cl\/index.php\/wp-json\/wp\/v2\/product_brand?post=199"},{"taxonomy":"product_cat","embeddable":true,"href":"https:\/\/liderpro.cl\/index.php\/wp-json\/wp\/v2\/product_cat?post=199"},{"taxonomy":"product_tag","embeddable":true,"href":"https:\/\/liderpro.cl\/index.php\/wp-json\/wp\/v2\/product_tag?post=199"}],"curies":[{"name":"wp","href":"https:\/\/api.w.org\/{rel}","templated":true}]}}