{"id":190,"date":"2023-10-09T14:31:55","date_gmt":"2023-10-09T14:31:55","guid":{"rendered":"https:\/\/liderpro.cl\/?post_type=product&#038;p=190"},"modified":"2024-07-17T17:44:59","modified_gmt":"2024-07-17T17:44:59","slug":"camisa-manga-larga-hombre","status":"publish","type":"product","link":"https:\/\/liderpro.cl\/index.php\/product\/camisa-manga-larga-hombre\/","title":{"rendered":"Camisa manga larga hombre"},"content":{"rendered":"<p>TALLAS:<\/p>\n<p>Desde la S hasta la XXXL<\/p>\n<p>Colores: Blanco, celeste, gris.<\/p>\n","protected":false},"excerpt":{"rendered":"<p>Con una solidez de color excepcional, esta camisa asegura que los tonos se mantengan vibrantes y frescos incluso despu\u00e9s de m\u00faltiples lavados, manteniendo su apariencia impecable en cualquier ocasi\u00f3n.<\/p>\n<p>&nbsp;<\/p>\n","protected":false},"featured_media":1105,"comment_status":"open","ping_status":"closed","template":"","meta":[],"product_brand":[],"product_cat":[32,21,24],"product_tag":[],"class_list":{"0":"post-190","1":"product","2":"type-product","3":"status-publish","4":"has-post-thumbnail","6":"product_cat-blusas-y-camisas","7":"product_cat-uniformes","8":"product_cat-uniformes-coorporativos","10":"first","11":"instock","12":"shipping-taxable","13":"product-type-simple"},"_links":{"self":[{"href":"https:\/\/liderpro.cl\/index.php\/wp-json\/wp\/v2\/product\/190","targetHints":{"allow":["GET"]}}],"collection":[{"href":"https:\/\/liderpro.cl\/index.php\/wp-json\/wp\/v2\/product"}],"about":[{"href":"https:\/\/liderpro.cl\/index.php\/wp-json\/wp\/v2\/types\/product"}],"replies":[{"embeddable":true,"href":"https:\/\/liderpro.cl\/index.php\/wp-json\/wp\/v2\/comments?post=190"}],"wp:featuredmedia":[{"embeddable":true,"href":"https:\/\/liderpro.cl\/index.php\/wp-json\/wp\/v2\/media\/1105"}],"wp:attachment":[{"href":"https:\/\/liderpro.cl\/index.php\/wp-json\/wp\/v2\/media?parent=190"}],"wp:term":[{"taxonomy":"product_brand","embeddable":true,"href":"https:\/\/liderpro.cl\/index.php\/wp-json\/wp\/v2\/product_brand?post=190"},{"taxonomy":"product_cat","embeddable":true,"href":"https:\/\/liderpro.cl\/index.php\/wp-json\/wp\/v2\/product_cat?post=190"},{"taxonomy":"product_tag","embeddable":true,"href":"https:\/\/liderpro.cl\/index.php\/wp-json\/wp\/v2\/product_tag?post=190"}],"curies":[{"name":"wp","href":"https:\/\/api.w.org\/{rel}","templated":true}]}}